{"id":6868,"date":"2022-11-19T17:39:32","date_gmt":"2022-11-19T16:39:32","guid":{"rendered":"https:\/\/www.dejfix.cz\/david\/?page_id=6868"},"modified":"2022-11-20T14:58:03","modified_gmt":"2022-11-20T13:58:03","slug":"geoinformatika","status":"publish","type":"page","link":"https:\/\/www.dejfix.cz\/david\/geoinformatika\/","title":{"rendered":"Geoinformatika"},"content":{"rendered":"\t\t<div data-elementor-type=\"wp-page\" data-elementor-id=\"6868\" class=\"elementor elementor-6868\">\n\t\t\t\t\t\t\t\t\t<section class=\"elementor-section elementor-top-section elementor-element elementor-element-b68df70 elementor-section-full_width elementor-section-height-default elementor-section-height-default\" data-id=\"b68df70\" data-element_type=\"section\">\n\t\t\t\t\t\t<div class=\"elementor-container elementor-column-gap-no\">\n\t\t\t\t\t<div class=\"elementor-column elementor-col-100 elementor-top-column elementor-element elementor-element-5643d45\" data-id=\"5643d45\" data-element_type=\"column\">\n\t\t\t<div class=\"elementor-widget-wrap elementor-element-populated\">\n\t\t\t\t\t\t\t\t<div class=\"elementor-element elementor-element-c19a784 elementor-invisible elementor-widget elementor-widget-heading\" data-id=\"c19a784\" data-element_type=\"widget\" data-settings=\"{&quot;_animation&quot;:&quot;fadeIn&quot;}\" data-widget_type=\"heading.default\">\n\t\t\t\t<div class=\"elementor-widget-container\">\n\t\t\t<style>\/*! elementor - v3.12.2 - 23-04-2023 *\/\n.elementor-heading-title{padding:0;margin:0;line-height:1}.elementor-widget-heading .elementor-heading-title[class*=elementor-size-]>a{color:inherit;font-size:inherit;line-height:inherit}.elementor-widget-heading .elementor-heading-title.elementor-size-small{font-size:15px}.elementor-widget-heading .elementor-heading-title.elementor-size-medium{font-size:19px}.elementor-widget-heading .elementor-heading-title.elementor-size-large{font-size:29px}.elementor-widget-heading .elementor-heading-title.elementor-size-xl{font-size:39px}.elementor-widget-heading .elementor-heading-title.elementor-size-xxl{font-size:59px}<\/style><h1 class=\"elementor-heading-title elementor-size-small\">nejen \u0161koln\u00ed projekty<\/h1>\t\t<\/div>\n\t\t\t\t<\/div>\n\t\t\t\t\t<\/div>\n\t\t<\/div>\n\t\t\t\t\t\t\t<\/div>\n\t\t<\/section>\n\t\t\t\t<section class=\"elementor-section elementor-top-section elementor-element elementor-element-601aec75 elementor-section-content-middle elementor-section-boxed elementor-section-height-default elementor-section-height-default\" data-id=\"601aec75\" data-element_type=\"section\">\n\t\t\t\t\t\t<div class=\"elementor-container elementor-column-gap-no\">\n\t\t\t\t\t<div class=\"elementor-column elementor-col-100 elementor-top-column elementor-element elementor-element-25e528c1\" data-id=\"25e528c1\" data-element_type=\"column\">\n\t\t\t<div class=\"elementor-widget-wrap elementor-element-populated\">\n\t\t\t\t\t\t\t\t<section class=\"elementor-section elementor-inner-section elementor-element elementor-element-6122b12c elementor-section-content-middle elementor-section-boxed elementor-section-height-default elementor-section-height-default\" data-id=\"6122b12c\" data-element_type=\"section\">\n\t\t\t\t\t\t<div class=\"elementor-container elementor-column-gap-extended\">\n\t\t\t\t\t<div class=\"elementor-column elementor-col-50 elementor-inner-column elementor-element elementor-element-6ad5dc48\" data-id=\"6ad5dc48\" data-element_type=\"column\">\n\t\t\t<div class=\"elementor-widget-wrap elementor-element-populated\">\n\t\t\t\t\t\t\t\t<div class=\"elementor-element elementor-element-60e7e55a elementor-position-top elementor-vertical-align-top elementor-widget elementor-widget-image-box\" data-id=\"60e7e55a\" data-element_type=\"widget\" data-widget_type=\"image-box.default\">\n\t\t\t\t<div class=\"elementor-widget-container\">\n\t\t\t<style>\/*! elementor - v3.12.2 - 23-04-2023 *\/\n.elementor-widget-image-box .elementor-image-box-content{width:100%}@media (min-width:768px){.elementor-widget-image-box.elementor-position-left .elementor-image-box-wrapper,.elementor-widget-image-box.elementor-position-right .elementor-image-box-wrapper{display:flex}.elementor-widget-image-box.elementor-position-right .elementor-image-box-wrapper{text-align:right;flex-direction:row-reverse}.elementor-widget-image-box.elementor-position-left .elementor-image-box-wrapper{text-align:left;flex-direction:row}.elementor-widget-image-box.elementor-position-top .elementor-image-box-img{margin:auto}.elementor-widget-image-box.elementor-vertical-align-top .elementor-image-box-wrapper{align-items:flex-start}.elementor-widget-image-box.elementor-vertical-align-middle .elementor-image-box-wrapper{align-items:center}.elementor-widget-image-box.elementor-vertical-align-bottom .elementor-image-box-wrapper{align-items:flex-end}}@media (max-width:767px){.elementor-widget-image-box .elementor-image-box-img{margin-left:auto!important;margin-right:auto!important;margin-bottom:15px}}.elementor-widget-image-box .elementor-image-box-img{display:inline-block}.elementor-widget-image-box .elementor-image-box-title a{color:inherit}.elementor-widget-image-box .elementor-image-box-wrapper{text-align:center}.elementor-widget-image-box .elementor-image-box-description{margin:0}<\/style><div class=\"elementor-image-box-wrapper\"><figure class=\"elementor-image-box-img\"><img loading=\"lazy\" decoding=\"async\" width=\"300\" height=\"300\" src=\"https:\/\/i0.wp.com\/www.dejfix.cz\/david\/wp-content\/uploads\/2022\/11\/Hypsometrie-03.png?fit=300%2C300&amp;ssl=1\" class=\"attachment-medium size-medium wp-image-6882\" alt=\"\" srcset=\"https:\/\/i0.wp.com\/www.dejfix.cz\/david\/wp-content\/uploads\/2022\/11\/Hypsometrie-03.png?w=2127&amp;ssl=1 2127w, https:\/\/i0.wp.com\/www.dejfix.cz\/david\/wp-content\/uploads\/2022\/11\/Hypsometrie-03.png?resize=300%2C300&amp;ssl=1 300w, https:\/\/i0.wp.com\/www.dejfix.cz\/david\/wp-content\/uploads\/2022\/11\/Hypsometrie-03.png?resize=1024%2C1024&amp;ssl=1 1024w, https:\/\/i0.wp.com\/www.dejfix.cz\/david\/wp-content\/uploads\/2022\/11\/Hypsometrie-03.png?resize=150%2C150&amp;ssl=1 150w, https:\/\/i0.wp.com\/www.dejfix.cz\/david\/wp-content\/uploads\/2022\/11\/Hypsometrie-03.png?resize=768%2C768&amp;ssl=1 768w, https:\/\/i0.wp.com\/www.dejfix.cz\/david\/wp-content\/uploads\/2022\/11\/Hypsometrie-03.png?resize=1536%2C1536&amp;ssl=1 1536w, https:\/\/i0.wp.com\/www.dejfix.cz\/david\/wp-content\/uploads\/2022\/11\/Hypsometrie-03.png?resize=2048%2C2048&amp;ssl=1 2048w, https:\/\/i0.wp.com\/www.dejfix.cz\/david\/wp-content\/uploads\/2022\/11\/Hypsometrie-03.png?resize=2000%2C1999&amp;ssl=1 2000w, https:\/\/i0.wp.com\/www.dejfix.cz\/david\/wp-content\/uploads\/2022\/11\/Hypsometrie-03.png?resize=1320%2C1319&amp;ssl=1 1320w, https:\/\/i0.wp.com\/www.dejfix.cz\/david\/wp-content\/uploads\/2022\/11\/Hypsometrie-03.png?resize=600%2C600&amp;ssl=1 600w, https:\/\/i0.wp.com\/www.dejfix.cz\/david\/wp-content\/uploads\/2022\/11\/Hypsometrie-03.png?resize=100%2C100&amp;ssl=1 100w, https:\/\/i0.wp.com\/www.dejfix.cz\/david\/wp-content\/uploads\/2022\/11\/Hypsometrie-03.png?resize=800%2C800&amp;ssl=1 800w, https:\/\/i0.wp.com\/www.dejfix.cz\/david\/wp-content\/uploads\/2022\/11\/Hypsometrie-03.png?w=1900&amp;ssl=1 1900w\" sizes=\"auto, (max-width: 300px) 100vw, 300px\" \/><\/figure><div class=\"elementor-image-box-content\"><h3 class=\"elementor-image-box-title\">Mapy<\/h3><p class=\"elementor-image-box-description\">\u0160koln\u00ed cvi\u010den\u00ed<\/p><\/div><\/div>\t\t<\/div>\n\t\t\t\t<\/div>\n\t\t\t\t\t<\/div>\n\t\t<\/div>\n\t\t\t\t<div class=\"elementor-column elementor-col-50 elementor-inner-column elementor-element elementor-element-25eec5f\" data-id=\"25eec5f\" data-element_type=\"column\">\n\t\t\t<div class=\"elementor-widget-wrap elementor-element-populated\">\n\t\t\t\t\t\t\t\t<div class=\"elementor-element elementor-element-39042e23 elementor-position-top elementor-vertical-align-top elementor-widget elementor-widget-image-box\" data-id=\"39042e23\" data-element_type=\"widget\" data-widget_type=\"image-box.default\">\n\t\t\t\t<div class=\"elementor-widget-container\">\n\t\t\t<div class=\"elementor-image-box-wrapper\"><figure class=\"elementor-image-box-img\"><img loading=\"lazy\" decoding=\"async\" width=\"300\" height=\"300\" src=\"https:\/\/i0.wp.com\/www.dejfix.cz\/david\/wp-content\/uploads\/2022\/11\/Hypsometrie-03.png?fit=300%2C300&amp;ssl=1\" class=\"attachment-medium size-medium wp-image-6882\" alt=\"\" srcset=\"https:\/\/i0.wp.com\/www.dejfix.cz\/david\/wp-content\/uploads\/2022\/11\/Hypsometrie-03.png?w=2127&amp;ssl=1 2127w, https:\/\/i0.wp.com\/www.dejfix.cz\/david\/wp-content\/uploads\/2022\/11\/Hypsometrie-03.png?resize=300%2C300&amp;ssl=1 300w, https:\/\/i0.wp.com\/www.dejfix.cz\/david\/wp-content\/uploads\/2022\/11\/Hypsometrie-03.png?resize=1024%2C1024&amp;ssl=1 1024w, https:\/\/i0.wp.com\/www.dejfix.cz\/david\/wp-content\/uploads\/2022\/11\/Hypsometrie-03.png?resize=150%2C150&amp;ssl=1 150w, https:\/\/i0.wp.com\/www.dejfix.cz\/david\/wp-content\/uploads\/2022\/11\/Hypsometrie-03.png?resize=768%2C768&amp;ssl=1 768w, https:\/\/i0.wp.com\/www.dejfix.cz\/david\/wp-content\/uploads\/2022\/11\/Hypsometrie-03.png?resize=1536%2C1536&amp;ssl=1 1536w, https:\/\/i0.wp.com\/www.dejfix.cz\/david\/wp-content\/uploads\/2022\/11\/Hypsometrie-03.png?resize=2048%2C2048&amp;ssl=1 2048w, https:\/\/i0.wp.com\/www.dejfix.cz\/david\/wp-content\/uploads\/2022\/11\/Hypsometrie-03.png?resize=2000%2C1999&amp;ssl=1 2000w, https:\/\/i0.wp.com\/www.dejfix.cz\/david\/wp-content\/uploads\/2022\/11\/Hypsometrie-03.png?resize=1320%2C1319&amp;ssl=1 1320w, https:\/\/i0.wp.com\/www.dejfix.cz\/david\/wp-content\/uploads\/2022\/11\/Hypsometrie-03.png?resize=600%2C600&amp;ssl=1 600w, https:\/\/i0.wp.com\/www.dejfix.cz\/david\/wp-content\/uploads\/2022\/11\/Hypsometrie-03.png?resize=100%2C100&amp;ssl=1 100w, https:\/\/i0.wp.com\/www.dejfix.cz\/david\/wp-content\/uploads\/2022\/11\/Hypsometrie-03.png?resize=800%2C800&amp;ssl=1 800w, https:\/\/i0.wp.com\/www.dejfix.cz\/david\/wp-content\/uploads\/2022\/11\/Hypsometrie-03.png?w=1900&amp;ssl=1 1900w\" sizes=\"auto, (max-width: 300px) 100vw, 300px\" \/><\/figure><div class=\"elementor-image-box-content\"><h3 class=\"elementor-image-box-title\">GIS<\/h3><p class=\"elementor-image-box-description\">\u0160koln\u00ed cvi\u010den\u00ed<\/p><\/div><\/div>\t\t<\/div>\n\t\t\t\t<\/div>\n\t\t\t\t\t<\/div>\n\t\t<\/div>\n\t\t\t\t\t\t\t<\/div>\n\t\t<\/section>\n\t\t\t\t<section class=\"elementor-section elementor-inner-section elementor-element elementor-element-80a7387 elementor-section-content-middle elementor-section-boxed elementor-section-height-default elementor-section-height-default\" data-id=\"80a7387\" data-element_type=\"section\">\n\t\t\t\t\t\t<div class=\"elementor-container elementor-column-gap-extended\">\n\t\t\t\t\t<div class=\"elementor-column elementor-col-50 elementor-inner-column elementor-element elementor-element-463ed181\" data-id=\"463ed181\" data-element_type=\"column\">\n\t\t\t<div class=\"elementor-widget-wrap elementor-element-populated\">\n\t\t\t\t\t\t\t\t<div class=\"elementor-element elementor-element-5306901c elementor-position-top elementor-vertical-align-top elementor-widget elementor-widget-image-box\" data-id=\"5306901c\" data-element_type=\"widget\" data-widget_type=\"image-box.default\">\n\t\t\t\t<div class=\"elementor-widget-container\">\n\t\t\t<div class=\"elementor-image-box-wrapper\"><figure class=\"elementor-image-box-img\"><a href=\"https:\/\/www.dejfix.cz\/david\/grafika\/\"><img loading=\"lazy\" decoding=\"async\" width=\"766\" height=\"426\" src=\"https:\/\/i0.wp.com\/www.dejfix.cz\/david\/wp-content\/uploads\/2022\/11\/Dejfix_vizitka.png?fit=766%2C426&amp;ssl=1\" class=\"attachment-full size-full wp-image-7238\" alt=\"\" srcset=\"https:\/\/i0.wp.com\/www.dejfix.cz\/david\/wp-content\/uploads\/2022\/11\/Dejfix_vizitka.png?w=766&amp;ssl=1 766w, https:\/\/i0.wp.com\/www.dejfix.cz\/david\/wp-content\/uploads\/2022\/11\/Dejfix_vizitka.png?resize=300%2C167&amp;ssl=1 300w, https:\/\/i0.wp.com\/www.dejfix.cz\/david\/wp-content\/uploads\/2022\/11\/Dejfix_vizitka.png?resize=600%2C334&amp;ssl=1 600w\" sizes=\"auto, (max-width: 766px) 100vw, 766px\" \/><\/a><\/figure><div class=\"elementor-image-box-content\"><h3 class=\"elementor-image-box-title\"><a href=\"https:\/\/www.dejfix.cz\/david\/grafika\/\">Grafika<\/a><\/h3><p class=\"elementor-image-box-description\">Ve voln\u00e9m \u010dase<\/p><\/div><\/div>\t\t<\/div>\n\t\t\t\t<\/div>\n\t\t\t\t\t<\/div>\n\t\t<\/div>\n\t\t\t\t<div class=\"elementor-column elementor-col-50 elementor-inner-column elementor-element elementor-element-24164a9e\" data-id=\"24164a9e\" data-element_type=\"column\">\n\t\t\t<div class=\"elementor-widget-wrap elementor-element-populated\">\n\t\t\t\t\t\t\t\t<div class=\"elementor-element elementor-element-49148d0c elementor-position-top elementor-vertical-align-top elementor-widget elementor-widget-image-box\" data-id=\"49148d0c\" data-element_type=\"widget\" data-widget_type=\"image-box.default\">\n\t\t\t\t<div class=\"elementor-widget-container\">\n\t\t\t<div class=\"elementor-image-box-wrapper\"><figure class=\"elementor-image-box-img\"><a href=\"https:\/\/www.dejfix.cz\/david\/3d\"><img loading=\"lazy\" decoding=\"async\" width=\"1403\" height=\"901\" src=\"https:\/\/i0.wp.com\/www.dejfix.cz\/david\/wp-content\/uploads\/2022\/11\/tugendhat.png?fit=1403%2C901&amp;ssl=1\" class=\"attachment-full size-full wp-image-7220\" alt=\"\" srcset=\"https:\/\/i0.wp.com\/www.dejfix.cz\/david\/wp-content\/uploads\/2022\/11\/tugendhat.png?w=1403&amp;ssl=1 1403w, https:\/\/i0.wp.com\/www.dejfix.cz\/david\/wp-content\/uploads\/2022\/11\/tugendhat.png?resize=300%2C193&amp;ssl=1 300w, https:\/\/i0.wp.com\/www.dejfix.cz\/david\/wp-content\/uploads\/2022\/11\/tugendhat.png?resize=1024%2C658&amp;ssl=1 1024w, https:\/\/i0.wp.com\/www.dejfix.cz\/david\/wp-content\/uploads\/2022\/11\/tugendhat.png?resize=768%2C493&amp;ssl=1 768w, https:\/\/i0.wp.com\/www.dejfix.cz\/david\/wp-content\/uploads\/2022\/11\/tugendhat.png?resize=1320%2C848&amp;ssl=1 1320w, https:\/\/i0.wp.com\/www.dejfix.cz\/david\/wp-content\/uploads\/2022\/11\/tugendhat.png?resize=600%2C385&amp;ssl=1 600w\" sizes=\"auto, (max-width: 950px) 100vw, 950px\" \/><\/a><\/figure><div class=\"elementor-image-box-content\"><h3 class=\"elementor-image-box-title\"><a href=\"https:\/\/www.dejfix.cz\/david\/3d\">3D modelov\u00e1n\u00ed<\/a><\/h3><p class=\"elementor-image-box-description\">zak\u00e1zkov\u00e1 pr\u00e1ce<\/p><\/div><\/div>\t\t<\/div>\n\t\t\t\t<\/div>\n\t\t\t\t\t<\/div>\n\t\t<\/div>\n\t\t\t\t\t\t\t<\/div>\n\t\t<\/section>\n\t\t\t\t\t<\/div>\n\t\t<\/div>\n\t\t\t\t\t\t\t<\/div>\n\t\t<\/section>\n\t\t\t\t\t\t\t<\/div>\n\t\t","protected":false},"excerpt":{"rendered":"<p>nejen \u0161koln\u00ed projekty Mapy \u0160koln\u00ed cvi\u010den\u00ed GIS \u0160koln\u00ed cvi\u010den\u00ed Grafika Ve voln\u00e9m \u010dase 3D modelov\u00e1n\u00ed zak\u00e1zkov\u00e1 pr\u00e1ce<\/p>\n","protected":false},"author":1,"featured_media":0,"parent":0,"menu_order":0,"comment_status":"closed","ping_status":"closed","template":"","meta":{"_acf_changed":false,"om_disable_all_campaigns":false,"_monsterinsights_skip_tracking":false,"_monsterinsights_sitenote_active":false,"_monsterinsights_sitenote_note":"","_monsterinsights_sitenote_category":0,"footnotes":""},"class_list":["post-6868","page","type-page","status-publish","hentry"],"acf":[],"aioseo_notices":[],"featured_media_urls":[],"_links":{"self":[{"href":"https:\/\/www.dejfix.cz\/david\/wp-json\/wp\/v2\/pages\/6868","targetHints":{"allow":["GET"]}}],"collection":[{"href":"https:\/\/www.dejfix.cz\/david\/wp-json\/wp\/v2\/pages"}],"about":[{"href":"https:\/\/www.dejfix.cz\/david\/wp-json\/wp\/v2\/types\/page"}],"author":[{"embeddable":true,"href":"https:\/\/www.dejfix.cz\/david\/wp-json\/wp\/v2\/users\/1"}],"replies":[{"embeddable":true,"href":"https:\/\/www.dejfix.cz\/david\/wp-json\/wp\/v2\/comments?post=6868"}],"version-history":[{"count":46,"href":"https:\/\/www.dejfix.cz\/david\/wp-json\/wp\/v2\/pages\/6868\/revisions"}],"predecessor-version":[{"id":7289,"href":"https:\/\/www.dejfix.cz\/david\/wp-json\/wp\/v2\/pages\/6868\/revisions\/7289"}],"wp:attachment":[{"href":"https:\/\/www.dejfix.cz\/david\/wp-json\/wp\/v2\/media?parent=6868"}],"curies":[{"name":"wp","href":"https:\/\/api.w.org\/{rel}","templated":true}]}}